{"id":2760,"date":"2024-03-14T08:20:02","date_gmt":"2024-03-14T07:20:02","guid":{"rendered":"https:\/\/pipiterszigliget.hu\/gift-vouchers\/"},"modified":"2024-06-17T21:13:57","modified_gmt":"2024-06-17T19:13:57","slug":"gift-vouchers","status":"publish","type":"page","link":"https:\/\/pipiterszigliget.hu\/en\/gift-vouchers\/","title":{"rendered":"Gift vouchers"},"content":{"rendered":"<p>[et_pb_section fb_built=&#8221;1&#8243; _builder_version=&#8221;4.24.3&#8243; _module_preset=&#8221;default&#8221; background_image=&#8221;https:\/\/pipiterszigliget.hu\/wp-content\/uploads\/2024\/04\/Pipiter_Ajandekutalvanyok-scaled.jpg&#8221; min_height=&#8221;800px&#8221; min_height_tablet=&#8221;400px&#8221; min_height_phone=&#8221;300px&#8221; min_height_last_edited=&#8221;on|tablet&#8221; global_colors_info=&#8221;{}&#8221;][\/et_pb_section][et_pb_section fb_built=&#8221;1&#8243; _builder_version=&#8221;4.24.2&#8243; _module_preset=&#8221;default&#8221; global_colors_info=&#8221;{}&#8221;][et_pb_row _builder_version=&#8221;4.24.2&#8243; _module_preset=&#8221;default&#8221; global_colors_info=&#8221;{}&#8221;][et_pb_column type=&#8221;4_4&#8243; _builder_version=&#8221;4.24.2&#8243; _module_preset=&#8221;default&#8221; global_colors_info=&#8221;{}&#8221;][et_pb_text _builder_version=&#8221;4.24.3&#8243; _module_preset=&#8221;default&#8221; hover_enabled=&#8221;0&#8243; global_colors_info=&#8221;{}&#8221; sticky_enabled=&#8221;0&#8243;]<script src=\"https:\/\/nethotelbooking.net\/embed.RESnWEB.js?id=60E80\"><\/script>[\/et_pb_text][\/et_pb_column][\/et_pb_row][\/et_pb_section]<\/p>\n","protected":false},"excerpt":{"rendered":"","protected":false},"author":3,"featured_media":0,"parent":0,"menu_order":0,"comment_status":"closed","ping_status":"closed","template":"","meta":{"_et_pb_use_builder":"on","_et_pb_old_content":"","_et_gb_content_width":"","footnotes":""},"class_list":["post-2760","page","type-page","status-publish","hentry"],"yoast_head":"<!-- This site is optimized with the Yoast SEO Premium plugin v25.6 (Yoast SEO v26.0) - https:\/\/yoast.com\/wordpress\/plugins\/seo\/ -->\n<title>Pipit\u00e9r Gift vouchers \/ Tickets<\/title>\n<meta name=\"description\" content=\"Gift your love, family members, friends or yourself with a Pipit\u00e9r experience!\" \/>\n<meta name=\"robots\" content=\"index, follow, max-snippet:-1, max-image-preview:large, max-video-preview:-1\" \/>\n<link rel=\"canonical\" href=\"https:\/\/pipiterszigliget.hu\/en\/gift-vouchers\/\" \/>\n<meta property=\"og:locale\" content=\"en_US\" \/>\n<meta property=\"og:type\" content=\"article\" \/>\n<meta property=\"og:title\" content=\"Gift vouchers\" \/>\n<meta property=\"og:description\" content=\"Gift your love, family members, friends or yourself with a Pipit\u00e9r experience!\" \/>\n<meta property=\"og:url\" content=\"https:\/\/pipiterszigliget.hu\/en\/gift-vouchers\/\" \/>\n<meta property=\"og:site_name\" content=\"Pipit\u00e9r Szigliget\" \/>\n<meta property=\"article:publisher\" content=\"https:\/\/www.facebook.com\/szigligetpipiter\" \/>\n<meta property=\"article:modified_time\" content=\"2024-06-17T19:13:57+00:00\" \/>\n<meta property=\"og:image\" content=\"https:\/\/pipiterszigliget.hu\/wp-content\/uploads\/2024\/03\/foglalas.jpg\" \/>\n\t<meta property=\"og:image:width\" content=\"1024\" \/>\n\t<meta property=\"og:image:height\" content=\"684\" \/>\n\t<meta property=\"og:image:type\" content=\"image\/jpeg\" \/>\n<meta name=\"twitter:card\" content=\"summary_large_image\" \/>\n<script type=\"application\/ld+json\" class=\"yoast-schema-graph\">{\"@context\":\"https:\/\/schema.org\",\"@graph\":[{\"@type\":\"WebPage\",\"@id\":\"https:\/\/pipiterszigliget.hu\/en\/gift-vouchers\/\",\"url\":\"https:\/\/pipiterszigliget.hu\/en\/gift-vouchers\/\",\"name\":\"Pipit\u00e9r Gift vouchers \/ Tickets\",\"isPartOf\":{\"@id\":\"https:\/\/pipiterszigliget.hu\/en\/#website\"},\"datePublished\":\"2024-03-14T07:20:02+00:00\",\"dateModified\":\"2024-06-17T19:13:57+00:00\",\"description\":\"Gift your love, family members, friends or yourself with a Pipit\u00e9r experience!\",\"breadcrumb\":{\"@id\":\"https:\/\/pipiterszigliget.hu\/en\/gift-vouchers\/#breadcrumb\"},\"inLanguage\":\"en-US\",\"potentialAction\":[{\"@type\":\"ReadAction\",\"target\":[\"https:\/\/pipiterszigliget.hu\/en\/gift-vouchers\/\"]}]},{\"@type\":\"BreadcrumbList\",\"@id\":\"https:\/\/pipiterszigliget.hu\/en\/gift-vouchers\/#breadcrumb\",\"itemListElement\":[{\"@type\":\"ListItem\",\"position\":1,\"name\":\"Kezd\u0151lap\",\"item\":\"https:\/\/pipiterszigliget.hu\/en\/\"},{\"@type\":\"ListItem\",\"position\":2,\"name\":\"Gift vouchers\"}]},{\"@type\":\"WebSite\",\"@id\":\"https:\/\/pipiterszigliget.hu\/en\/#website\",\"url\":\"https:\/\/pipiterszigliget.hu\/en\/\",\"name\":\"Pipit\u00e9r Szigliget\",\"description\":\"K\u00e9nyelmes sz\u00e1ll\u00e1s Szigligeten, egy\u00e9ni vend\u00e9geknek vagy nagyobb t\u00e1rsas\u00e1goknak.\",\"potentialAction\":[{\"@type\":\"SearchAction\",\"target\":{\"@type\":\"EntryPoint\",\"urlTemplate\":\"https:\/\/pipiterszigliget.hu\/en\/?s={search_term_string}\"},\"query-input\":{\"@type\":\"PropertyValueSpecification\",\"valueRequired\":true,\"valueName\":\"search_term_string\"}}],\"inLanguage\":\"en-US\"}]}<\/script>\n<!-- \/ Yoast SEO Premium plugin. -->","yoast_head_json":{"title":"Pipit\u00e9r Gift vouchers \/ Tickets","description":"Gift your love, family members, friends or yourself with a Pipit\u00e9r experience!","robots":{"index":"index","follow":"follow","max-snippet":"max-snippet:-1","max-image-preview":"max-image-preview:large","max-video-preview":"max-video-preview:-1"},"canonical":"https:\/\/pipiterszigliget.hu\/en\/gift-vouchers\/","og_locale":"en_US","og_type":"article","og_title":"Gift vouchers","og_description":"Gift your love, family members, friends or yourself with a Pipit\u00e9r experience!","og_url":"https:\/\/pipiterszigliget.hu\/en\/gift-vouchers\/","og_site_name":"Pipit\u00e9r Szigliget","article_publisher":"https:\/\/www.facebook.com\/szigligetpipiter","article_modified_time":"2024-06-17T19:13:57+00:00","og_image":[{"width":1024,"height":684,"url":"https:\/\/pipiterszigliget.hu\/wp-content\/uploads\/2024\/03\/foglalas.jpg","type":"image\/jpeg"}],"twitter_card":"summary_large_image","schema":{"@context":"https:\/\/schema.org","@graph":[{"@type":"WebPage","@id":"https:\/\/pipiterszigliget.hu\/en\/gift-vouchers\/","url":"https:\/\/pipiterszigliget.hu\/en\/gift-vouchers\/","name":"Pipit\u00e9r Gift vouchers \/ Tickets","isPartOf":{"@id":"https:\/\/pipiterszigliget.hu\/en\/#website"},"datePublished":"2024-03-14T07:20:02+00:00","dateModified":"2024-06-17T19:13:57+00:00","description":"Gift your love, family members, friends or yourself with a Pipit\u00e9r experience!","breadcrumb":{"@id":"https:\/\/pipiterszigliget.hu\/en\/gift-vouchers\/#breadcrumb"},"inLanguage":"en-US","potentialAction":[{"@type":"ReadAction","target":["https:\/\/pipiterszigliget.hu\/en\/gift-vouchers\/"]}]},{"@type":"BreadcrumbList","@id":"https:\/\/pipiterszigliget.hu\/en\/gift-vouchers\/#breadcrumb","itemListElement":[{"@type":"ListItem","position":1,"name":"Kezd\u0151lap","item":"https:\/\/pipiterszigliget.hu\/en\/"},{"@type":"ListItem","position":2,"name":"Gift vouchers"}]},{"@type":"WebSite","@id":"https:\/\/pipiterszigliget.hu\/en\/#website","url":"https:\/\/pipiterszigliget.hu\/en\/","name":"Pipit\u00e9r Szigliget","description":"K\u00e9nyelmes sz\u00e1ll\u00e1s Szigligeten, egy\u00e9ni vend\u00e9geknek vagy nagyobb t\u00e1rsas\u00e1goknak.","potentialAction":[{"@type":"SearchAction","target":{"@type":"EntryPoint","urlTemplate":"https:\/\/pipiterszigliget.hu\/en\/?s={search_term_string}"},"query-input":{"@type":"PropertyValueSpecification","valueRequired":true,"valueName":"search_term_string"}}],"inLanguage":"en-US"}]}},"_links":{"self":[{"href":"https:\/\/pipiterszigliget.hu\/en\/wp-json\/wp\/v2\/pages\/2760","targetHints":{"allow":["GET"]}}],"collection":[{"href":"https:\/\/pipiterszigliget.hu\/en\/wp-json\/wp\/v2\/pages"}],"about":[{"href":"https:\/\/pipiterszigliget.hu\/en\/wp-json\/wp\/v2\/types\/page"}],"author":[{"embeddable":true,"href":"https:\/\/pipiterszigliget.hu\/en\/wp-json\/wp\/v2\/users\/3"}],"replies":[{"embeddable":true,"href":"https:\/\/pipiterszigliget.hu\/en\/wp-json\/wp\/v2\/comments?post=2760"}],"version-history":[{"count":6,"href":"https:\/\/pipiterszigliget.hu\/en\/wp-json\/wp\/v2\/pages\/2760\/revisions"}],"predecessor-version":[{"id":2766,"href":"https:\/\/pipiterszigliget.hu\/en\/wp-json\/wp\/v2\/pages\/2760\/revisions\/2766"}],"wp:attachment":[{"href":"https:\/\/pipiterszigliget.hu\/en\/wp-json\/wp\/v2\/media?parent=2760"}],"curies":[{"name":"wp","href":"https:\/\/api.w.org\/{rel}","templated":true}]}}