{"id":2770,"date":"2024-03-19T20:49:38","date_gmt":"2024-03-19T19:49:38","guid":{"rendered":"https:\/\/pipiterszigliget.hu\/?page_id=2770"},"modified":"2025-10-02T10:02:45","modified_gmt":"2025-10-02T08:02:45","slug":"package-deals","status":"publish","type":"page","link":"https:\/\/pipiterszigliget.hu\/en\/package-deals\/","title":{"rendered":"Package deals"},"content":{"rendered":"<p>[et_pb_section fb_built=&#8221;1&#8243; _builder_version=&#8221;4.24.3&#8243; _module_preset=&#8221;default&#8221; background_image=&#8221;https:\/\/pipiterszigliget.hu\/wp-content\/uploads\/2024\/04\/Pipiter_Csomagajanlatok-scaled.jpg&#8221; min_height=&#8221;600px&#8221; min_height_tablet=&#8221;400px&#8221; min_height_phone=&#8221;300px&#8221; min_height_last_edited=&#8221;on|tablet&#8221; global_colors_info=&#8221;{}&#8221;][et_pb_row _builder_version=&#8221;4.24.2&#8243; _module_preset=&#8221;default&#8221; global_colors_info=&#8221;{}&#8221;][et_pb_column type=&#8221;4_4&#8243; _builder_version=&#8221;4.24.2&#8243; _module_preset=&#8221;default&#8221; global_colors_info=&#8221;{}&#8221;][\/et_pb_column][\/et_pb_row][\/et_pb_section][et_pb_section fb_built=&#8221;1&#8243; admin_label=&#8221;Feature&#8221; _builder_version=&#8221;4.24.3&#8243; _module_preset=&#8221;default&#8221; background_color=&#8221;gcid-4b9eed5c-3d04-4887-bc15-8a2e9c2e3ea1&#8243; background_image=&#8221;https:\/\/pipiterszigliget.hu\/wp-content\/uploads\/2024\/03\/bal_virag.png&#8221; background_size=&#8221;custom&#8221; background_image_width=&#8221;14%&#8221; background_image_height=&#8221;0%&#8221; background_position=&#8221;center_left&#8221; background_horizontal_offset=&#8221;0%&#8221; collapsed=&#8221;off&#8221; global_colors_info=&#8221;{%22gcid-4b9eed5c-3d04-4887-bc15-8a2e9c2e3ea1%22:%91%22background_color%22%93}&#8221;][et_pb_row column_structure=&#8221;1_2,1_2&#8243; use_custom_gutter=&#8221;on&#8221; gutter_width=&#8221;1&#8243; make_equal=&#8221;on&#8221; _builder_version=&#8221;4.26.0&#8243; _module_preset=&#8221;default&#8221; z_index=&#8221;25&#8243; global_colors_info=&#8221;{}&#8221;][et_pb_column type=&#8221;1_2&#8243; _builder_version=&#8221;4.24.2&#8243; _module_preset=&#8221;default&#8221; background_color=&#8221;gcid-33ba488a-a977-4fcb-9562-ca062f22498f&#8221; custom_padding=&#8221;200px|95px|200px|95px|true|true&#8221; custom_padding_tablet=&#8221;10vw|10vw|10vw|10vw|true|true&#8221; custom_padding_phone=&#8221;||||false|false&#8221; custom_padding_last_edited=&#8221;on|tablet&#8221; mix_blend_mode=&#8221;multiply&#8221; global_colors_info=&#8221;{%22gcid-33ba488a-a977-4fcb-9562-ca062f22498f%22:%91%22background_color%22,%22background_color%22,%22background_color%22,%22background_color%22,%22background_color%22%93}&#8221;][et_pb_text _builder_version=&#8221;4.24.3&#8243; _module_preset=&#8221;e5d40347-cbdc-4a47-80de-26a5db01ede9&#8243; header_2_font=&#8221;Playfair Display SC||||||||&#8221; header_2_text_color=&#8221;#faf5f2&#8243; header_2_font_size=&#8221;32px&#8221; custom_margin=&#8221;||10px||false|false&#8221; global_colors_info=&#8221;{}&#8221;]<\/p>\n<h2><strong>Gift Wednesday Evenings<\/strong><\/h2>\n<p>[\/et_pb_text][et_pb_text _builder_version=&#8221;4.24.3&#8243; _module_preset=&#8221;3ae6bdec-981f-4018-bbff-33def9ee3336&#8243; text_font=&#8221;||||||||&#8221; text_text_color=&#8221;#faf5f2&#8243;]<\/p>\n<p>Why shouldn&#8217;t a weekday be a lifelong experience? With this thought in mind, we decided to gift you Wednesday evenings until the end of March if you spend the first two days of the week at Pipit\u00e9r.<\/p>\n<p>Nature lovers can enjoy Lake Balaton, the Szigliget Castle, the lookout points, and exciting hiking trails. After active relaxation, you can recharge physically and mentally in the comfort of Pipit\u00e9r: we welcome you with a jacuzzi, sauna, spacious courtyards, a cozy arbor, and tastefully designed rooms.<\/p>\n<p>We can only offer the gift of Wednesday evening if you book through our website!<br \/>SELECT THE PERIOD FROM MONDAY TO THURSDAY IN THE CALENDAR, THEN CHOOSE THE &#8220;Gift Summer Wednesday Evenings&#8221; OPTION FOR THE SELECTED ROOM!<\/p>\n<p>[\/et_pb_text][\/et_pb_column][et_pb_column type=&#8221;1_2&#8243; _builder_version=&#8221;4.26.0&#8243; _module_preset=&#8221;default&#8221; background_color=&#8221;gcid-4b9eed5c-3d04-4887-bc15-8a2e9c2e3ea1&#8243; use_background_color_gradient=&#8221;on&#8221; background_color_gradient_stops=&#8221;rgba(44,42,39,0.2) 0%|rgba(44,42,39,0.2) 100%&#8221; background_color_gradient_overlays_image=&#8221;on&#8221; background_image=&#8221;https:\/\/pipiterszigliget.hu\/wp-content\/uploads\/2025\/03\/PIPITER_221.jpg&#8221; parallax=&#8221;on&#8221; border_width_all=&#8221;60px&#8221; border_color_all=&#8221;rgba(54,111,70,0.11)&#8221; border_width_all_tablet=&#8221;8vw&#8221; border_width_all_phone=&#8221;8vw&#8221; border_width_all_last_edited=&#8221;on|desktop&#8221; box_shadow_spread_tablet=&#8221;30px&#8221; box_shadow_spread_phone=&#8221;20px&#8221; box_shadow_spread_last_edited=&#8221;off|desktop&#8221; global_colors_info=&#8221;{%22gcid-4b9eed5c-3d04-4887-bc15-8a2e9c2e3ea1%22:%91%22background_color%22,%22box_shadow_color%22%93}&#8221;][et_pb_text _builder_version=&#8221;4.24.3&#8243; _module_preset=&#8221;default&#8221; min_height_tablet=&#8221;&#8221; min_height_phone=&#8221;600px&#8221; min_height_last_edited=&#8221;on|phone&#8221; global_colors_info=&#8221;{}&#8221;][\/et_pb_text][\/et_pb_column][\/et_pb_row][et_pb_row _builder_version=&#8221;4.23.2&#8243; _module_preset=&#8221;default&#8221; max_width=&#8221;800px&#8221; global_colors_info=&#8221;{}&#8221;][et_pb_column type=&#8221;4_4&#8243; _builder_version=&#8221;4.23.2&#8243; _module_preset=&#8221;default&#8221; global_colors_info=&#8221;{}&#8221;][et_pb_button button_url=&#8221;https:\/\/pipiterszigliget.hu\/en\/booking\/&#8221; button_text=&#8221;Booking&#8221; button_alignment=&#8221;center&#8221; _builder_version=&#8221;4.24.3&#8243; _module_preset=&#8221;e5a0135e-f668-4930-8dd0-eb46e6eb42a8&#8243; button_border_color=&#8221;#faf5f2&#8243; global_colors_info=&#8221;{%22gcid-33ba488a-a977-4fcb-9562-ca062f22498f%22:%91%22button_bg_color%22,%22button_bg_color%22%93}&#8221;][\/et_pb_button][\/et_pb_column][\/et_pb_row][\/et_pb_section]<\/p>\n","protected":false},"excerpt":{"rendered":"<p>Gift Wednesday EveningsWhy shouldn&#8217;t a weekday be a lifelong experience? With this thought in mind, we decided to gift you Wednesday evenings until the end of March if you spend the first two days of the week at Pipit\u00e9r. Nature lovers can enjoy Lake Balaton, the Szigliget Castle, the lookout points, and exciting hiking trails. After active relaxation, you can recharge physically and mentally in the comfort of Pipit\u00e9r: we welcome you with a jacuzzi, sauna, spacious courtyards, a cozy arbor, and tastefully designed rooms. We can only offer the gift of Wednesday evening if you book through our website!SELECT THE PERIOD FROM MONDAY TO THURSDAY IN THE CALENDAR, THEN CHOOSE THE &#8220;Gift Summer Wednesday Evenings&#8221; OPTION FOR THE SELECTED ROOM!<\/p>\n","protected":false},"author":3,"featured_media":2745,"parent":0,"menu_order":0,"comment_status":"closed","ping_status":"closed","template":"","meta":{"_et_pb_use_builder":"on","_et_pb_old_content":"","_et_gb_content_width":"","footnotes":""},"class_list":["post-2770","page","type-page","status-publish","has-post-thumbnail","hentry"],"yoast_head":"<!-- This site is optimized with the Yoast SEO Premium plugin v25.6 (Yoast SEO v26.0) - https:\/\/yoast.com\/wordpress\/plugins\/seo\/ -->\n<title>Package deals - Pipit\u00e9r Szigliget<\/title>\n<meta name=\"robots\" content=\"index, follow, max-snippet:-1, max-image-preview:large, max-video-preview:-1\" \/>\n<link rel=\"canonical\" href=\"https:\/\/pipiterszigliget.hu\/en\/package-deals\/\" \/>\n<meta property=\"og:locale\" content=\"en_US\" \/>\n<meta property=\"og:type\" content=\"article\" \/>\n<meta property=\"og:title\" content=\"Package deals\" \/>\n<meta property=\"og:description\" content=\"Gift Wednesday EveningsWhy shouldn&#039;t a weekday be a lifelong experience? With this thought in mind, we decided to gift you Wednesday evenings until the end of March if you spend the first two days of the week at Pipit\u00e9r. Nature lovers can enjoy Lake Balaton, the Szigliget Castle, the lookout points, and exciting hiking trails. After active relaxation, you can recharge physically and mentally in the comfort of Pipit\u00e9r: we welcome you with a jacuzzi, sauna, spacious courtyards, a cozy arbor, and tastefully designed rooms. We can only offer the gift of Wednesday evening if you book through our website!SELECT THE PERIOD FROM MONDAY TO THURSDAY IN THE CALENDAR, THEN CHOOSE THE &quot;Gift Summer Wednesday Evenings&quot; OPTION FOR THE SELECTED ROOM!\" \/>\n<meta property=\"og:url\" content=\"https:\/\/pipiterszigliget.hu\/en\/package-deals\/\" \/>\n<meta property=\"og:site_name\" content=\"Pipit\u00e9r Szigliget\" \/>\n<meta property=\"article:publisher\" content=\"https:\/\/www.facebook.com\/szigligetpipiter\" \/>\n<meta property=\"article:modified_time\" content=\"2025-10-02T08:02:45+00:00\" \/>\n<meta property=\"og:image\" content=\"https:\/\/pipiterszigliget.hu\/wp-content\/uploads\/2024\/04\/Pipiter_Csomagajanlatok-scaled.jpg\" \/>\n\t<meta property=\"og:image:width\" content=\"2880\" \/>\n\t<meta property=\"og:image:height\" content=\"1923\" \/>\n\t<meta property=\"og:image:type\" content=\"image\/jpeg\" \/>\n<meta name=\"twitter:card\" content=\"summary_large_image\" \/>\n<meta name=\"twitter:label1\" content=\"Est. reading time\" \/>\n\t<meta name=\"twitter:data1\" content=\"3 minutes\" \/>\n<script type=\"application\/ld+json\" class=\"yoast-schema-graph\">{\"@context\":\"https:\/\/schema.org\",\"@graph\":[{\"@type\":\"WebPage\",\"@id\":\"https:\/\/pipiterszigliget.hu\/en\/package-deals\/\",\"url\":\"https:\/\/pipiterszigliget.hu\/en\/package-deals\/\",\"name\":\"Package deals - Pipit\u00e9r Szigliget\",\"isPartOf\":{\"@id\":\"https:\/\/pipiterszigliget.hu\/en\/#website\"},\"primaryImageOfPage\":{\"@id\":\"https:\/\/pipiterszigliget.hu\/en\/package-deals\/#primaryimage\"},\"image\":{\"@id\":\"https:\/\/pipiterszigliget.hu\/en\/package-deals\/#primaryimage\"},\"thumbnailUrl\":\"https:\/\/pipiterszigliget.hu\/wp-content\/uploads\/2024\/04\/Pipiter_Csomagajanlatok-scaled.jpg\",\"datePublished\":\"2024-03-19T19:49:38+00:00\",\"dateModified\":\"2025-10-02T08:02:45+00:00\",\"breadcrumb\":{\"@id\":\"https:\/\/pipiterszigliget.hu\/en\/package-deals\/#breadcrumb\"},\"inLanguage\":\"en-US\",\"potentialAction\":[{\"@type\":\"ReadAction\",\"target\":[\"https:\/\/pipiterszigliget.hu\/en\/package-deals\/\"]}]},{\"@type\":\"ImageObject\",\"inLanguage\":\"en-US\",\"@id\":\"https:\/\/pipiterszigliget.hu\/en\/package-deals\/#primaryimage\",\"url\":\"https:\/\/pipiterszigliget.hu\/wp-content\/uploads\/2024\/04\/Pipiter_Csomagajanlatok-scaled.jpg\",\"contentUrl\":\"https:\/\/pipiterszigliget.hu\/wp-content\/uploads\/2024\/04\/Pipiter_Csomagajanlatok-scaled.jpg\",\"width\":2880,\"height\":1923},{\"@type\":\"BreadcrumbList\",\"@id\":\"https:\/\/pipiterszigliget.hu\/en\/package-deals\/#breadcrumb\",\"itemListElement\":[{\"@type\":\"ListItem\",\"position\":1,\"name\":\"Kezd\u0151lap\",\"item\":\"https:\/\/pipiterszigliget.hu\/en\/\"},{\"@type\":\"ListItem\",\"position\":2,\"name\":\"Package deals\"}]},{\"@type\":\"WebSite\",\"@id\":\"https:\/\/pipiterszigliget.hu\/en\/#website\",\"url\":\"https:\/\/pipiterszigliget.hu\/en\/\",\"name\":\"Pipit\u00e9r Szigliget\",\"description\":\"K\u00e9nyelmes sz\u00e1ll\u00e1s Szigligeten, egy\u00e9ni vend\u00e9geknek vagy nagyobb t\u00e1rsas\u00e1goknak.\",\"potentialAction\":[{\"@type\":\"SearchAction\",\"target\":{\"@type\":\"EntryPoint\",\"urlTemplate\":\"https:\/\/pipiterszigliget.hu\/en\/?s={search_term_string}\"},\"query-input\":{\"@type\":\"PropertyValueSpecification\",\"valueRequired\":true,\"valueName\":\"search_term_string\"}}],\"inLanguage\":\"en-US\"}]}<\/script>\n<!-- \/ Yoast SEO Premium plugin. -->","yoast_head_json":{"title":"Package deals - Pipit\u00e9r Szigliget","robots":{"index":"index","follow":"follow","max-snippet":"max-snippet:-1","max-image-preview":"max-image-preview:large","max-video-preview":"max-video-preview:-1"},"canonical":"https:\/\/pipiterszigliget.hu\/en\/package-deals\/","og_locale":"en_US","og_type":"article","og_title":"Package deals","og_description":"Gift Wednesday EveningsWhy shouldn't a weekday be a lifelong experience? With this thought in mind, we decided to gift you Wednesday evenings until the end of March if you spend the first two days of the week at Pipit\u00e9r. Nature lovers can enjoy Lake Balaton, the Szigliget Castle, the lookout points, and exciting hiking trails. After active relaxation, you can recharge physically and mentally in the comfort of Pipit\u00e9r: we welcome you with a jacuzzi, sauna, spacious courtyards, a cozy arbor, and tastefully designed rooms. We can only offer the gift of Wednesday evening if you book through our website!SELECT THE PERIOD FROM MONDAY TO THURSDAY IN THE CALENDAR, THEN CHOOSE THE \"Gift Summer Wednesday Evenings\" OPTION FOR THE SELECTED ROOM!","og_url":"https:\/\/pipiterszigliget.hu\/en\/package-deals\/","og_site_name":"Pipit\u00e9r Szigliget","article_publisher":"https:\/\/www.facebook.com\/szigligetpipiter","article_modified_time":"2025-10-02T08:02:45+00:00","og_image":[{"width":2880,"height":1923,"url":"https:\/\/pipiterszigliget.hu\/wp-content\/uploads\/2024\/04\/Pipiter_Csomagajanlatok-scaled.jpg","type":"image\/jpeg"}],"twitter_card":"summary_large_image","twitter_misc":{"Est. reading time":"3 minutes"},"schema":{"@context":"https:\/\/schema.org","@graph":[{"@type":"WebPage","@id":"https:\/\/pipiterszigliget.hu\/en\/package-deals\/","url":"https:\/\/pipiterszigliget.hu\/en\/package-deals\/","name":"Package deals - Pipit\u00e9r Szigliget","isPartOf":{"@id":"https:\/\/pipiterszigliget.hu\/en\/#website"},"primaryImageOfPage":{"@id":"https:\/\/pipiterszigliget.hu\/en\/package-deals\/#primaryimage"},"image":{"@id":"https:\/\/pipiterszigliget.hu\/en\/package-deals\/#primaryimage"},"thumbnailUrl":"https:\/\/pipiterszigliget.hu\/wp-content\/uploads\/2024\/04\/Pipiter_Csomagajanlatok-scaled.jpg","datePublished":"2024-03-19T19:49:38+00:00","dateModified":"2025-10-02T08:02:45+00:00","breadcrumb":{"@id":"https:\/\/pipiterszigliget.hu\/en\/package-deals\/#breadcrumb"},"inLanguage":"en-US","potentialAction":[{"@type":"ReadAction","target":["https:\/\/pipiterszigliget.hu\/en\/package-deals\/"]}]},{"@type":"ImageObject","inLanguage":"en-US","@id":"https:\/\/pipiterszigliget.hu\/en\/package-deals\/#primaryimage","url":"https:\/\/pipiterszigliget.hu\/wp-content\/uploads\/2024\/04\/Pipiter_Csomagajanlatok-scaled.jpg","contentUrl":"https:\/\/pipiterszigliget.hu\/wp-content\/uploads\/2024\/04\/Pipiter_Csomagajanlatok-scaled.jpg","width":2880,"height":1923},{"@type":"BreadcrumbList","@id":"https:\/\/pipiterszigliget.hu\/en\/package-deals\/#breadcrumb","itemListElement":[{"@type":"ListItem","position":1,"name":"Kezd\u0151lap","item":"https:\/\/pipiterszigliget.hu\/en\/"},{"@type":"ListItem","position":2,"name":"Package deals"}]},{"@type":"WebSite","@id":"https:\/\/pipiterszigliget.hu\/en\/#website","url":"https:\/\/pipiterszigliget.hu\/en\/","name":"Pipit\u00e9r Szigliget","description":"K\u00e9nyelmes sz\u00e1ll\u00e1s Szigligeten, egy\u00e9ni vend\u00e9geknek vagy nagyobb t\u00e1rsas\u00e1goknak.","potentialAction":[{"@type":"SearchAction","target":{"@type":"EntryPoint","urlTemplate":"https:\/\/pipiterszigliget.hu\/en\/?s={search_term_string}"},"query-input":{"@type":"PropertyValueSpecification","valueRequired":true,"valueName":"search_term_string"}}],"inLanguage":"en-US"}]}},"_links":{"self":[{"href":"https:\/\/pipiterszigliget.hu\/en\/wp-json\/wp\/v2\/pages\/2770","targetHints":{"allow":["GET"]}}],"collection":[{"href":"https:\/\/pipiterszigliget.hu\/en\/wp-json\/wp\/v2\/pages"}],"about":[{"href":"https:\/\/pipiterszigliget.hu\/en\/wp-json\/wp\/v2\/types\/page"}],"author":[{"embeddable":true,"href":"https:\/\/pipiterszigliget.hu\/en\/wp-json\/wp\/v2\/users\/3"}],"replies":[{"embeddable":true,"href":"https:\/\/pipiterszigliget.hu\/en\/wp-json\/wp\/v2\/comments?post=2770"}],"version-history":[{"count":10,"href":"https:\/\/pipiterszigliget.hu\/en\/wp-json\/wp\/v2\/pages\/2770\/revisions"}],"predecessor-version":[{"id":4127,"href":"https:\/\/pipiterszigliget.hu\/en\/wp-json\/wp\/v2\/pages\/2770\/revisions\/4127"}],"wp:featuredmedia":[{"embeddable":true,"href":"https:\/\/pipiterszigliget.hu\/en\/wp-json\/wp\/v2\/media\/2745"}],"wp:attachment":[{"href":"https:\/\/pipiterszigliget.hu\/en\/wp-json\/wp\/v2\/media?parent=2770"}],"curies":[{"name":"wp","href":"https:\/\/api.w.org\/{rel}","templated":true}]}}