{"id":2861,"date":"2024-02-23T07:52:41","date_gmt":"2024-02-23T06:52:41","guid":{"rendered":"https:\/\/pipiterszigliget.hu\/accomodation\/csuri-pipiter-szigliget\/"},"modified":"2025-02-26T20:29:43","modified_gmt":"2025-02-26T19:29:43","slug":"csuri-pipiter-szigliget","status":"publish","type":"page","link":"https:\/\/pipiterszigliget.hu\/en\/accomodation\/csuri-pipiter-szigliget\/","title":{"rendered":"Csuri &#8211; Pipit\u00e9r Szigliget"},"content":{"rendered":"<p>[et_pb_section fb_built=&#8221;1&#8243; fullwidth=&#8221;on&#8221; _builder_version=&#8221;4.24.2&#8243; _module_preset=&#8221;default&#8221; global_colors_info=&#8221;{}&#8221;][et_pb_fullwidth_slider _builder_version=&#8221;4.24.3&#8243; _module_preset=&#8221;default&#8221; min_height_tablet=&#8221;400px&#8221; min_height_phone=&#8221;300px&#8221; min_height_last_edited=&#8221;on|tablet&#8221; global_colors_info=&#8221;{}&#8221;][et_pb_slide _builder_version=&#8221;4.24.2&#8243; _module_preset=&#8221;default&#8221; background_enable_color=&#8221;off&#8221; background_image=&#8221;https:\/\/pipiterszigliget.hu\/wp-content\/uploads\/2024\/02\/PIPITER_Csuri.jpg&#8221; background_enable_image=&#8221;on&#8221; global_colors_info=&#8221;{}&#8221; sticky_transition=&#8221;on&#8221;][\/et_pb_slide][\/et_pb_fullwidth_slider][\/et_pb_section][et_pb_section fb_built=&#8221;1&#8243; _builder_version=&#8221;4.24.2&#8243; _module_preset=&#8221;default&#8221; background_image=&#8221;https:\/\/pipiterszigliget.hu\/wp-content\/uploads\/2024\/03\/madar_trans.png&#8221; background_size=&#8221;custom&#8221; background_image_width=&#8221;21%&#8221; background_position=&#8221;bottom_right&#8221; global_colors_info=&#8221;{}&#8221;][et_pb_row _builder_version=&#8221;4.24.2&#8243; _module_preset=&#8221;default&#8221; global_colors_info=&#8221;{}&#8221;][et_pb_column type=&#8221;4_4&#8243; _builder_version=&#8221;4.24.2&#8243; _module_preset=&#8221;default&#8221; global_colors_info=&#8221;{}&#8221;][et_pb_heading title=&#8221;Csuri &#8211; Pipit\u00e9r Szigliget&#8221; _builder_version=&#8221;4.24.2&#8243; _module_preset=&#8221;default&#8221; title_font=&#8221;|700|||||||&#8221; title_text_align=&#8221;center&#8221; title_font_size=&#8221;40px&#8221; global_colors_info=&#8221;{}&#8221;][\/et_pb_heading][\/et_pb_column][\/et_pb_row][et_pb_row column_structure=&#8221;1_2,1_2&#8243; use_custom_gutter=&#8221;on&#8221; gutter_width=&#8221;1&#8243; make_equal=&#8221;on&#8221; _builder_version=&#8221;4.24.2&#8243; _module_preset=&#8221;default&#8221; background_enable_color=&#8221;off&#8221; global_colors_info=&#8221;{}&#8221;][et_pb_column type=&#8221;1_2&#8243; _builder_version=&#8221;4.24.2&#8243; _module_preset=&#8221;default&#8221; background_color=&#8221;#faf5f2&#8243; custom_padding=&#8221;100px|95px|100px|95px|true|true&#8221; custom_padding_tablet=&#8221;10vw|10vw|10vw|10vw|true|true&#8221; custom_padding_phone=&#8221;||||false|false&#8221; custom_padding_last_edited=&#8221;on|tablet&#8221; mix_blend_mode=&#8221;multiply&#8221; global_colors_info=&#8221;{}&#8221;][et_pb_image src=&#8221;https:\/\/pipiterszigliget.hu\/wp-content\/uploads\/2024\/03\/csuri_-scaled.jpg&#8221; title_text=&#8221;csuri_&#8221; _builder_version=&#8221;4.24.2&#8243; _module_preset=&#8221;default&#8221; max_width=&#8221;170px&#8221; custom_padding=&#8221;||20px||false|false&#8221; global_colors_info=&#8221;{}&#8221;][\/et_pb_image][et_pb_text _builder_version=&#8221;4.24.2&#8243; _module_preset=&#8221;e5d40347-cbdc-4a47-80de-26a5db01ede9&#8243; header_2_font=&#8221;Playfair Display SC||||||||&#8221; header_2_font_size=&#8221;33px&#8221; custom_margin=&#8221;||10px||false|false&#8221; global_colors_info=&#8221;{}&#8221;]<\/p>\n<h2><strong>It started as a painting restoration workshop&#8230;<\/strong><\/h2>\n<p>[\/et_pb_text][et_pb_text _builder_version=&#8221;4.24.2&#8243; _module_preset=&#8221;3ae6bdec-981f-4018-bbff-33def9ee3336&#8243; text_font=&#8221;||||||||&#8221; global_colors_info=&#8221;{}&#8221;]<\/p>\n<p>&#8230;it became a glass-walled room with a view of the Keszthely Mountains. Every little opening &#8211; from the bathroom with a window to the patio door &#8211; reveals a beauty of nature that surrounds the village. Two spring-inspired prints by Baron L\u00e1szl\u00f3 Medny\u00e1nszky and the house sparrows, also known as churis, who are perennial spectators of our childhood street badminton tournaments, add a nostalgic atmosphere to the favourite room of Zsolt and Bal\u00e1zs.<\/p>\n<p>#peaceful<\/p>\n<p>&nbsp;<\/p>\n<p>[\/et_pb_text][\/et_pb_column][et_pb_column type=&#8221;1_2&#8243; _builder_version=&#8221;4.24.2&#8243; _module_preset=&#8221;default&#8221; background_color=&#8221;#3e7955&#8243; border_width_all=&#8221;60px&#8221; border_color_all=&#8221;#3e7955&#8243; border_width_all_tablet=&#8221;8vw&#8221; border_width_all_phone=&#8221;8vw&#8221; border_width_all_last_edited=&#8221;on|desktop&#8221; box_shadow_spread_tablet=&#8221;30px&#8221; box_shadow_spread_phone=&#8221;20px&#8221; box_shadow_spread_last_edited=&#8221;off|desktop&#8221; global_colors_info=&#8221;{%22gcid-4b9eed5c-3d04-4887-bc15-8a2e9c2e3ea1%22:%91%22box_shadow_color%22%93}&#8221;][et_pb_text _builder_version=&#8221;4.24.2&#8243; _module_preset=&#8221;default&#8221; text_text_color=&#8221;#faf5f2&#8243; header_2_text_color=&#8221;#faf5f2&#8243; global_colors_info=&#8221;{}&#8221;]<\/p>\n<h2><span style=\"font-weight: 400;\">Location:<\/span><\/h2>\n<ul>\n<li style=\"font-weight: 400;\" aria-level=\"1\"><span style=\"font-weight: 400;\">floor<\/span><\/li>\n<li style=\"font-weight: 400;\" aria-level=\"1\"><span style=\"font-weight: 400;\">view to the mountain<\/span><\/li>\n<li style=\"font-weight: 400;\" aria-level=\"1\"><span style=\"font-weight: 400;\">view to the internal courtyard<\/span><\/li>\n<\/ul>\n<p>[\/et_pb_text][et_pb_text _builder_version=&#8221;4.24.3&#8243; _module_preset=&#8221;default&#8221; text_text_color=&#8221;#faf5f2&#8243; header_2_text_color=&#8221;#faf5f2&#8243; global_colors_info=&#8221;{}&#8221;]<\/p>\n<h2><span style=\"font-weight: 400;\">Paintings:<\/span><\/h2>\n<ul>\n<li>Medny\u00e1nszky L\u00e1szl\u00f3 \u2013 Tavaszi kertr\u00e9szlet, 1919 (graphics, 42*29 cm)<\/li>\n<li>Medny\u00e1nszky L\u00e1szl\u00f3 \u2013 Vir\u00e1gz\u00f3 fa, 1919 (graphics, 40*28 cm)<\/li>\n<li>Start Attila \u2013 Csuri, 2023 (oil \u2013 vanvas, 30*30 cm)<\/li>\n<\/ul>\n<p>[\/et_pb_text][et_pb_text _builder_version=&#8221;4.24.2&#8243; _module_preset=&#8221;default&#8221; text_text_color=&#8221;#faf5f2&#8243; header_text_color=&#8221;#faf5f2&#8243; header_2_text_color=&#8221;#faf5f2&#8243; global_colors_info=&#8221;{}&#8221;]<\/p>\n<h2>Amenities and facilities:<\/h2>\n<ul>\n<li style=\"font-weight: 400;\" aria-level=\"1\"><span style=\"font-weight: 400;\">Free toiletries in the bathroom<\/span><\/li>\n<li style=\"font-weight: 400;\" aria-level=\"1\"><span style=\"font-weight: 400;\">Sauna towel, slippers<\/span><\/li>\n<li style=\"font-weight: 400;\" aria-level=\"1\"><span style=\"font-weight: 400;\">Bathtub<\/span><\/li>\n<li style=\"font-weight: 400;\" aria-level=\"1\"><span style=\"font-weight: 400;\">Bathrobe, towel<\/span><\/li>\n<li style=\"font-weight: 400;\" aria-level=\"1\"><span style=\"font-weight: 400;\">Hair dryer<\/span><\/li>\n<li style=\"font-weight: 400;\" aria-level=\"1\"><span style=\"font-weight: 400;\">Desk<\/span><\/li>\n<li style=\"font-weight: 400;\" aria-level=\"1\"><span style=\"font-weight: 400;\">Bed linen<\/span><\/li>\n<li style=\"font-weight: 400;\" aria-level=\"1\"><span style=\"font-weight: 400;\">Safe box<\/span><\/li>\n<li style=\"font-weight: 400;\" aria-level=\"1\">Double bed<\/li>\n<li style=\"font-weight: 400;\" aria-level=\"1\"><span style=\"font-weight: 400;\">Wardrobe<\/span><\/li>\n<li style=\"font-weight: 400;\" aria-level=\"1\"><span style=\"font-weight: 400;\">Air conditioning<\/span><\/li>\n<li style=\"font-weight: 400;\" aria-level=\"1\"><span style=\"font-weight: 400;\">Refrigerator<\/span><\/li>\n<li style=\"font-weight: 400;\" aria-level=\"1\"><span style=\"font-weight: 400;\">Free WIFI<\/span><\/li>\n<li style=\"font-weight: 400;\" aria-level=\"1\">Shadowing<\/li>\n<li aria-level=\"1\">Panoramic window<\/li>\n<li aria-level=\"1\">Balcony<\/li>\n<\/ul>\n<p>[\/et_pb_text][\/et_pb_column][\/et_pb_row][et_pb_row column_structure=&#8221;1_4,1_4,1_4,1_4&#8243; _builder_version=&#8221;4.24.2&#8243; _module_preset=&#8221;default&#8221; global_colors_info=&#8221;{}&#8221;][et_pb_column type=&#8221;1_4&#8243; _builder_version=&#8221;4.24.2&#8243; _module_preset=&#8221;default&#8221; global_colors_info=&#8221;{}&#8221;][et_pb_image src=&#8221;https:\/\/pipiterszigliget.hu\/wp-content\/uploads\/2024\/02\/PIPITER_Csuri1.jpg&#8221; title_text=&#8221;PIPITER_Csuri1&#8243; _builder_version=&#8221;4.24.2&#8243; _module_preset=&#8221;default&#8221; global_colors_info=&#8221;{}&#8221;][\/et_pb_image][\/et_pb_column][et_pb_column type=&#8221;1_4&#8243; _builder_version=&#8221;4.24.2&#8243; _module_preset=&#8221;default&#8221; global_colors_info=&#8221;{}&#8221;][et_pb_image src=&#8221;https:\/\/pipiterszigliget.hu\/wp-content\/uploads\/2024\/02\/PIPITER_Csuri2.jpg&#8221; title_text=&#8221;PIPITER_Csuri2&#8243; _builder_version=&#8221;4.24.2&#8243; _module_preset=&#8221;default&#8221; global_colors_info=&#8221;{}&#8221;][\/et_pb_image][\/et_pb_column][et_pb_column type=&#8221;1_4&#8243; _builder_version=&#8221;4.24.2&#8243; _module_preset=&#8221;default&#8221; global_colors_info=&#8221;{}&#8221;][et_pb_image src=&#8221;https:\/\/pipiterszigliget.hu\/wp-content\/uploads\/2024\/02\/PIPITER_Csuri3.jpg&#8221; title_text=&#8221;PIPITER_Csuri3&#8243; _builder_version=&#8221;4.24.2&#8243; _module_preset=&#8221;default&#8221; global_colors_info=&#8221;{}&#8221;][\/et_pb_image][\/et_pb_column][et_pb_column type=&#8221;1_4&#8243; _builder_version=&#8221;4.24.2&#8243; _module_preset=&#8221;default&#8221; global_colors_info=&#8221;{}&#8221;][et_pb_image src=&#8221;https:\/\/pipiterszigliget.hu\/wp-content\/uploads\/2024\/02\/PIPITER_Csuri4.jpg&#8221; title_text=&#8221;PIPITER_Csuri4&#8243; _builder_version=&#8221;4.24.2&#8243; _module_preset=&#8221;default&#8221; global_colors_info=&#8221;{}&#8221;][\/et_pb_image][\/et_pb_column][\/et_pb_row][et_pb_row _builder_version=&#8221;4.24.1&#8243; _module_preset=&#8221;default&#8221; global_colors_info=&#8221;{}&#8221;][et_pb_column type=&#8221;4_4&#8243; _builder_version=&#8221;4.24.1&#8243; _module_preset=&#8221;default&#8221; global_colors_info=&#8221;{}&#8221;][et_pb_heading title=&#8221;You are welcome!&#8221; _builder_version=&#8221;4.24.1&#8243; _module_preset=&#8221;default&#8221; title_level=&#8221;h2&#8243; title_text_align=&#8221;center&#8221; global_colors_info=&#8221;{}&#8221;][\/et_pb_heading][et_pb_button button_url=&#8221;https:\/\/pipiterszigliget.hu\/en\/booking\/&#8221; button_text=&#8221;Booking&#8221; button_alignment=&#8221;center&#8221; _builder_version=&#8221;4.24.2&#8243; _module_preset=&#8221;e5a0135e-f668-4930-8dd0-eb46e6eb42a8&#8243; global_colors_info=&#8221;{%22gcid-33ba488a-a977-4fcb-9562-ca062f22498f%22:%91%22button_bg_color%22,%22button_bg_color%22%93}&#8221;][\/et_pb_button][\/et_pb_column][\/et_pb_row][\/et_pb_section]<\/p>\n","protected":false},"excerpt":{"rendered":"<p>It started as a painting restoration workshop&#8230;&#8230;it became a glass-walled room with a view of the Keszthely Mountains. Every little opening &#8211; from the bathroom with a window to the patio door &#8211; reveals a beauty of nature that surrounds the village. Two spring-inspired prints by Baron L\u00e1szl\u00f3 Medny\u00e1nszky and the house sparrows, also known as churis, who are perennial spectators of our childhood street badminton tournaments, add a nostalgic atmosphere to the favourite room of Zsolt and Bal\u00e1zs. #peaceful &nbsp;Location: floor view to the mountain view to the internal courtyard Paintings: Medny\u00e1nszky L\u00e1szl\u00f3 \u2013 Tavaszi kertr\u00e9szlet, 1919 (graphics, 42*29 cm) Medny\u00e1nszky L\u00e1szl\u00f3 \u2013 Vir\u00e1gz\u00f3 fa, 1919 (graphics, 40*28 cm) Start Attila \u2013 Csuri, 2023 (oil \u2013 vanvas, 30*30 cm) Amenities and facilities: Free toiletries in the bathroom Sauna towel, slippers Bathtub Bathrobe, towel Hair dryer Desk Bed linen Safe box Double bed Wardrobe Air conditioning Refrigerator Free WIFI Shadowing Panoramic window Balcony<\/p>\n","protected":false},"author":3,"featured_media":2559,"parent":2827,"menu_order":0,"comment_status":"closed","ping_status":"closed","template":"","meta":{"_et_pb_use_builder":"on","_et_pb_old_content":"","_et_gb_content_width":"","footnotes":""},"class_list":["post-2861","page","type-page","status-publish","has-post-thumbnail","hentry"],"yoast_head":"<!-- This site is optimized with the Yoast SEO Premium plugin v25.6 (Yoast SEO v26.0) - https:\/\/yoast.com\/wordpress\/plugins\/seo\/ -->\n<title>Csuri - Pipit\u00e9r Szigliget - Pipit\u00e9r Szigliget<\/title>\n<meta name=\"description\" content=\"Every little opening shows one beauty of nature.\" \/>\n<meta name=\"robots\" content=\"index, follow, max-snippet:-1, max-image-preview:large, max-video-preview:-1\" \/>\n<link rel=\"canonical\" href=\"https:\/\/pipiterszigliget.hu\/en\/accomodation\/csuri-pipiter-szigliget\/\" \/>\n<meta property=\"og:locale\" content=\"en_US\" \/>\n<meta property=\"og:type\" content=\"article\" \/>\n<meta property=\"og:title\" content=\"Csuri - Pipit\u00e9r Szigliget\" \/>\n<meta property=\"og:description\" content=\"Every little opening shows one beauty of nature.\" \/>\n<meta property=\"og:url\" content=\"https:\/\/pipiterszigliget.hu\/en\/accomodation\/csuri-pipiter-szigliget\/\" \/>\n<meta property=\"og:site_name\" content=\"Pipit\u00e9r Szigliget\" \/>\n<meta property=\"article:publisher\" content=\"https:\/\/www.facebook.com\/szigligetpipiter\" \/>\n<meta property=\"article:modified_time\" content=\"2025-02-26T19:29:43+00:00\" \/>\n<meta property=\"og:image\" content=\"https:\/\/pipiterszigliget.hu\/wp-content\/uploads\/2024\/02\/PIPITER_Csuri.jpg\" \/>\n\t<meta property=\"og:image:width\" content=\"1024\" \/>\n\t<meta property=\"og:image:height\" content=\"684\" \/>\n\t<meta property=\"og:image:type\" content=\"image\/jpeg\" \/>\n<meta name=\"twitter:card\" content=\"summary_large_image\" \/>\n<meta name=\"twitter:label1\" content=\"Est. reading time\" \/>\n\t<meta name=\"twitter:data1\" content=\"5 minutes\" \/>\n<script type=\"application\/ld+json\" class=\"yoast-schema-graph\">{\"@context\":\"https:\/\/schema.org\",\"@graph\":[{\"@type\":\"WebPage\",\"@id\":\"https:\/\/pipiterszigliget.hu\/en\/accomodation\/csuri-pipiter-szigliget\/\",\"url\":\"https:\/\/pipiterszigliget.hu\/en\/accomodation\/csuri-pipiter-szigliget\/\",\"name\":\"Csuri - Pipit\u00e9r Szigliget - Pipit\u00e9r Szigliget\",\"isPartOf\":{\"@id\":\"https:\/\/pipiterszigliget.hu\/en\/#website\"},\"primaryImageOfPage\":{\"@id\":\"https:\/\/pipiterszigliget.hu\/en\/accomodation\/csuri-pipiter-szigliget\/#primaryimage\"},\"image\":{\"@id\":\"https:\/\/pipiterszigliget.hu\/en\/accomodation\/csuri-pipiter-szigliget\/#primaryimage\"},\"thumbnailUrl\":\"https:\/\/pipiterszigliget.hu\/wp-content\/uploads\/2024\/02\/PIPITER_Csuri.jpg\",\"datePublished\":\"2024-02-23T06:52:41+00:00\",\"dateModified\":\"2025-02-26T19:29:43+00:00\",\"description\":\"Every little opening shows one beauty of nature.\",\"breadcrumb\":{\"@id\":\"https:\/\/pipiterszigliget.hu\/en\/accomodation\/csuri-pipiter-szigliget\/#breadcrumb\"},\"inLanguage\":\"en-US\",\"potentialAction\":[{\"@type\":\"ReadAction\",\"target\":[\"https:\/\/pipiterszigliget.hu\/en\/accomodation\/csuri-pipiter-szigliget\/\"]}]},{\"@type\":\"ImageObject\",\"inLanguage\":\"en-US\",\"@id\":\"https:\/\/pipiterszigliget.hu\/en\/accomodation\/csuri-pipiter-szigliget\/#primaryimage\",\"url\":\"https:\/\/pipiterszigliget.hu\/wp-content\/uploads\/2024\/02\/PIPITER_Csuri.jpg\",\"contentUrl\":\"https:\/\/pipiterszigliget.hu\/wp-content\/uploads\/2024\/02\/PIPITER_Csuri.jpg\",\"width\":1024,\"height\":684},{\"@type\":\"BreadcrumbList\",\"@id\":\"https:\/\/pipiterszigliget.hu\/en\/accomodation\/csuri-pipiter-szigliget\/#breadcrumb\",\"itemListElement\":[{\"@type\":\"ListItem\",\"position\":1,\"name\":\"Kezd\u0151lap\",\"item\":\"https:\/\/pipiterszigliget.hu\/en\/\"},{\"@type\":\"ListItem\",\"position\":2,\"name\":\"Accomodation\",\"item\":\"https:\/\/pipiterszigliget.hu\/en\/accomodation\/\"},{\"@type\":\"ListItem\",\"position\":3,\"name\":\"Csuri &#8211; Pipit\u00e9r Szigliget\"}]},{\"@type\":\"WebSite\",\"@id\":\"https:\/\/pipiterszigliget.hu\/en\/#website\",\"url\":\"https:\/\/pipiterszigliget.hu\/en\/\",\"name\":\"Pipit\u00e9r Szigliget\",\"description\":\"K\u00e9nyelmes sz\u00e1ll\u00e1s Szigligeten, egy\u00e9ni vend\u00e9geknek vagy nagyobb t\u00e1rsas\u00e1goknak.\",\"potentialAction\":[{\"@type\":\"SearchAction\",\"target\":{\"@type\":\"EntryPoint\",\"urlTemplate\":\"https:\/\/pipiterszigliget.hu\/en\/?s={search_term_string}\"},\"query-input\":{\"@type\":\"PropertyValueSpecification\",\"valueRequired\":true,\"valueName\":\"search_term_string\"}}],\"inLanguage\":\"en-US\"}]}<\/script>\n<!-- \/ Yoast SEO Premium plugin. -->","yoast_head_json":{"title":"Csuri - Pipit\u00e9r Szigliget - Pipit\u00e9r Szigliget","description":"Every little opening shows one beauty of nature.","robots":{"index":"index","follow":"follow","max-snippet":"max-snippet:-1","max-image-preview":"max-image-preview:large","max-video-preview":"max-video-preview:-1"},"canonical":"https:\/\/pipiterszigliget.hu\/en\/accomodation\/csuri-pipiter-szigliget\/","og_locale":"en_US","og_type":"article","og_title":"Csuri - Pipit\u00e9r Szigliget","og_description":"Every little opening shows one beauty of nature.","og_url":"https:\/\/pipiterszigliget.hu\/en\/accomodation\/csuri-pipiter-szigliget\/","og_site_name":"Pipit\u00e9r Szigliget","article_publisher":"https:\/\/www.facebook.com\/szigligetpipiter","article_modified_time":"2025-02-26T19:29:43+00:00","og_image":[{"width":1024,"height":684,"url":"https:\/\/pipiterszigliget.hu\/wp-content\/uploads\/2024\/02\/PIPITER_Csuri.jpg","type":"image\/jpeg"}],"twitter_card":"summary_large_image","twitter_misc":{"Est. reading time":"5 minutes"},"schema":{"@context":"https:\/\/schema.org","@graph":[{"@type":"WebPage","@id":"https:\/\/pipiterszigliget.hu\/en\/accomodation\/csuri-pipiter-szigliget\/","url":"https:\/\/pipiterszigliget.hu\/en\/accomodation\/csuri-pipiter-szigliget\/","name":"Csuri - Pipit\u00e9r Szigliget - Pipit\u00e9r Szigliget","isPartOf":{"@id":"https:\/\/pipiterszigliget.hu\/en\/#website"},"primaryImageOfPage":{"@id":"https:\/\/pipiterszigliget.hu\/en\/accomodation\/csuri-pipiter-szigliget\/#primaryimage"},"image":{"@id":"https:\/\/pipiterszigliget.hu\/en\/accomodation\/csuri-pipiter-szigliget\/#primaryimage"},"thumbnailUrl":"https:\/\/pipiterszigliget.hu\/wp-content\/uploads\/2024\/02\/PIPITER_Csuri.jpg","datePublished":"2024-02-23T06:52:41+00:00","dateModified":"2025-02-26T19:29:43+00:00","description":"Every little opening shows one beauty of nature.","breadcrumb":{"@id":"https:\/\/pipiterszigliget.hu\/en\/accomodation\/csuri-pipiter-szigliget\/#breadcrumb"},"inLanguage":"en-US","potentialAction":[{"@type":"ReadAction","target":["https:\/\/pipiterszigliget.hu\/en\/accomodation\/csuri-pipiter-szigliget\/"]}]},{"@type":"ImageObject","inLanguage":"en-US","@id":"https:\/\/pipiterszigliget.hu\/en\/accomodation\/csuri-pipiter-szigliget\/#primaryimage","url":"https:\/\/pipiterszigliget.hu\/wp-content\/uploads\/2024\/02\/PIPITER_Csuri.jpg","contentUrl":"https:\/\/pipiterszigliget.hu\/wp-content\/uploads\/2024\/02\/PIPITER_Csuri.jpg","width":1024,"height":684},{"@type":"BreadcrumbList","@id":"https:\/\/pipiterszigliget.hu\/en\/accomodation\/csuri-pipiter-szigliget\/#breadcrumb","itemListElement":[{"@type":"ListItem","position":1,"name":"Kezd\u0151lap","item":"https:\/\/pipiterszigliget.hu\/en\/"},{"@type":"ListItem","position":2,"name":"Accomodation","item":"https:\/\/pipiterszigliget.hu\/en\/accomodation\/"},{"@type":"ListItem","position":3,"name":"Csuri &#8211; Pipit\u00e9r Szigliget"}]},{"@type":"WebSite","@id":"https:\/\/pipiterszigliget.hu\/en\/#website","url":"https:\/\/pipiterszigliget.hu\/en\/","name":"Pipit\u00e9r Szigliget","description":"K\u00e9nyelmes sz\u00e1ll\u00e1s Szigligeten, egy\u00e9ni vend\u00e9geknek vagy nagyobb t\u00e1rsas\u00e1goknak.","potentialAction":[{"@type":"SearchAction","target":{"@type":"EntryPoint","urlTemplate":"https:\/\/pipiterszigliget.hu\/en\/?s={search_term_string}"},"query-input":{"@type":"PropertyValueSpecification","valueRequired":true,"valueName":"search_term_string"}}],"inLanguage":"en-US"}]}},"_links":{"self":[{"href":"https:\/\/pipiterszigliget.hu\/en\/wp-json\/wp\/v2\/pages\/2861","targetHints":{"allow":["GET"]}}],"collection":[{"href":"https:\/\/pipiterszigliget.hu\/en\/wp-json\/wp\/v2\/pages"}],"about":[{"href":"https:\/\/pipiterszigliget.hu\/en\/wp-json\/wp\/v2\/types\/page"}],"author":[{"embeddable":true,"href":"https:\/\/pipiterszigliget.hu\/en\/wp-json\/wp\/v2\/users\/3"}],"replies":[{"embeddable":true,"href":"https:\/\/pipiterszigliget.hu\/en\/wp-json\/wp\/v2\/comments?post=2861"}],"version-history":[{"count":3,"href":"https:\/\/pipiterszigliget.hu\/en\/wp-json\/wp\/v2\/pages\/2861\/revisions"}],"predecessor-version":[{"id":3690,"href":"https:\/\/pipiterszigliget.hu\/en\/wp-json\/wp\/v2\/pages\/2861\/revisions\/3690"}],"up":[{"embeddable":true,"href":"https:\/\/pipiterszigliget.hu\/en\/wp-json\/wp\/v2\/pages\/2827"}],"wp:featuredmedia":[{"embeddable":true,"href":"https:\/\/pipiterszigliget.hu\/en\/wp-json\/wp\/v2\/media\/2559"}],"wp:attachment":[{"href":"https:\/\/pipiterszigliget.hu\/en\/wp-json\/wp\/v2\/media?parent=2861"}],"curies":[{"name":"wp","href":"https:\/\/api.w.org\/{rel}","templated":true}]}}