{"id":2868,"date":"2024-02-23T07:48:03","date_gmt":"2024-02-23T06:48:03","guid":{"rendered":"https:\/\/pipiterszigliget.hu\/accomodation\/aranylile-pipiter-szigliget\/"},"modified":"2025-02-26T21:00:52","modified_gmt":"2025-02-26T20:00:52","slug":"aranylile-pipiter-szigliget","status":"publish","type":"page","link":"https:\/\/pipiterszigliget.hu\/en\/accomodation\/aranylile-pipiter-szigliget\/","title":{"rendered":"Aranylile &#8211; Pipit\u00e9r Szigliget"},"content":{"rendered":"<p>[et_pb_section fb_built=&#8221;1&#8243; fullwidth=&#8221;on&#8221; _builder_version=&#8221;4.24.3&#8243; _module_preset=&#8221;default&#8221; background_image=&#8221;https:\/\/pipiterszigliget.hu\/wp-content\/uploads\/2024\/02\/PIPITER_Aranylile.jpg&#8221; min_height=&#8221;800px&#8221; min_height_tablet=&#8221;400px&#8221; min_height_phone=&#8221;300px&#8221; min_height_last_edited=&#8221;on|tablet&#8221; global_colors_info=&#8221;{}&#8221;][et_pb_fullwidth_header _builder_version=&#8221;4.24.3&#8243; _module_preset=&#8221;default&#8221; background_enable_color=&#8221;off&#8221; global_colors_info=&#8221;{}&#8221;][\/et_pb_fullwidth_header][\/et_pb_section][et_pb_section fb_built=&#8221;1&#8243; _builder_version=&#8221;4.24.2&#8243; _module_preset=&#8221;default&#8221; background_image=&#8221;https:\/\/pipiterszigliget.hu\/wp-content\/uploads\/2024\/03\/madar_trans.png&#8221; background_size=&#8221;custom&#8221; background_image_width=&#8221;21%&#8221; background_position=&#8221;bottom_right&#8221; global_colors_info=&#8221;{}&#8221;][et_pb_row _builder_version=&#8221;4.24.2&#8243; _module_preset=&#8221;default&#8221; global_colors_info=&#8221;{}&#8221;][et_pb_column type=&#8221;4_4&#8243; _builder_version=&#8221;4.24.2&#8243; _module_preset=&#8221;default&#8221; global_colors_info=&#8221;{}&#8221;][et_pb_heading title=&#8221;Aranylile &#8211; Pipit\u00e9r Szigliget&#8221; _builder_version=&#8221;4.24.2&#8243; _module_preset=&#8221;default&#8221; title_font=&#8221;|700|||||||&#8221; title_text_align=&#8221;center&#8221; title_font_size=&#8221;40px&#8221; global_colors_info=&#8221;{}&#8221;][\/et_pb_heading][\/et_pb_column][\/et_pb_row][et_pb_row column_structure=&#8221;1_2,1_2&#8243; use_custom_gutter=&#8221;on&#8221; gutter_width=&#8221;1&#8243; make_equal=&#8221;on&#8221; _builder_version=&#8221;4.24.2&#8243; _module_preset=&#8221;default&#8221; background_enable_color=&#8221;off&#8221; global_colors_info=&#8221;{}&#8221;][et_pb_column type=&#8221;1_2&#8243; _builder_version=&#8221;4.24.2&#8243; _module_preset=&#8221;default&#8221; background_color=&#8221;#faf5f2&#8243; custom_padding=&#8221;100px|95px|100px|95px|true|true&#8221; custom_padding_tablet=&#8221;10vw|10vw|10vw|10vw|true|true&#8221; custom_padding_phone=&#8221;||||false|false&#8221; custom_padding_last_edited=&#8221;on|tablet&#8221; mix_blend_mode=&#8221;multiply&#8221; global_colors_info=&#8221;{}&#8221;][et_pb_image src=&#8221;https:\/\/pipiterszigliget.hu\/wp-content\/uploads\/2024\/03\/6-aranylile-scaled.jpg&#8221; title_text=&#8221;6-aranylile&#8221; _builder_version=&#8221;4.24.2&#8243; _module_preset=&#8221;default&#8221; max_width=&#8221;170px&#8221; custom_padding=&#8221;||20px||false|false&#8221; global_colors_info=&#8221;{}&#8221;][\/et_pb_image][et_pb_text _builder_version=&#8221;4.24.2&#8243; _module_preset=&#8221;e5d40347-cbdc-4a47-80de-26a5db01ede9&#8243; header_2_font=&#8221;Playfair Display SC||||||||&#8221; header_2_font_size=&#8221;33px&#8221; custom_margin=&#8221;||10px||false|false&#8221; global_colors_info=&#8221;{}&#8221;]<\/p>\n<h2><b>Apartment with bathtub, hayloft<\/b><\/h2>\n<p>[\/et_pb_text][et_pb_text _builder_version=&#8221;4.24.2&#8243; _module_preset=&#8221;3ae6bdec-981f-4018-bbff-33def9ee3336&#8243; text_font=&#8221;||||||||&#8221; global_colors_info=&#8221;{}&#8221;]<\/p>\n<p>Upstairs apartment with double bed for up to 3 persons, with a walk-in wardrobe and a bathroom with bathtub, offering full comfort to our guests. A special feature is the balcony door, modelled on a former hayloft, which overlooks the inner courtyard of Pipit\u00e9r.<\/p>\n<p>#inspiring<\/p>\n<p>[\/et_pb_text][\/et_pb_column][et_pb_column type=&#8221;1_2&#8243; _builder_version=&#8221;4.24.2&#8243; _module_preset=&#8221;default&#8221; background_color=&#8221;#3e7955&#8243; border_width_all=&#8221;60px&#8221; border_color_all=&#8221;#3e7955&#8243; border_width_all_tablet=&#8221;8vw&#8221; border_width_all_phone=&#8221;8vw&#8221; border_width_all_last_edited=&#8221;on|desktop&#8221; box_shadow_spread_tablet=&#8221;30px&#8221; box_shadow_spread_phone=&#8221;20px&#8221; box_shadow_spread_last_edited=&#8221;off|desktop&#8221; global_colors_info=&#8221;{%22gcid-4b9eed5c-3d04-4887-bc15-8a2e9c2e3ea1%22:%91%22box_shadow_color%22%93}&#8221;][et_pb_text _builder_version=&#8221;4.24.2&#8243; _module_preset=&#8221;default&#8221; text_text_color=&#8221;#faf5f2&#8243; header_2_text_color=&#8221;#faf5f2&#8243; global_colors_info=&#8221;{}&#8221;]<\/p>\n<h2><span style=\"font-weight: 400;\">Location:<\/span><\/h2>\n<ul>\n<li style=\"font-weight: 400;\" aria-level=\"1\"><span style=\"font-weight: 400;\">floor<\/span><\/li>\n<li style=\"font-weight: 400;\" aria-level=\"1\"><span style=\"font-weight: 400;\">view to the internal courtyard<\/span><\/li>\n<\/ul>\n<p>[\/et_pb_text][et_pb_text _builder_version=&#8221;4.24.2&#8243; _module_preset=&#8221;default&#8221; text_text_color=&#8221;#faf5f2&#8243; header_2_text_color=&#8221;#faf5f2&#8243; global_colors_info=&#8221;{}&#8221;]<\/p>\n<h2><span style=\"font-weight: 400;\">Paintings:<\/span><\/h2>\n<ul>\n<li style=\"font-weight: 400;\" aria-level=\"1\"><span style=\"font-weight: 400;\">ef Z\u00e1mb\u00f3 Istv\u00e1n &#8211; Szerelem, \u00e9let, hal\u00e1l, 1993 (szitanyomat, 58*75 cm)<\/span><\/li>\n<li style=\"font-weight: 400;\" aria-level=\"1\"><span style=\"font-weight: 400;\">feLugossy L\u00e1szl\u00f3 &#8211; Der\u0171s \u0151szi fej, 2014 (akril, karton, 70*100 cm)<\/span><\/li>\n<li><span style=\"font-weight: 400;\">Stark Attila &#8211; Arany Lile, 2021 (olaj, v\u00e1szon, 30*30 cm)<\/span><\/li>\n<\/ul>\n<p>[\/et_pb_text][et_pb_text _builder_version=&#8221;4.24.2&#8243; _module_preset=&#8221;default&#8221; text_text_color=&#8221;#faf5f2&#8243; header_text_color=&#8221;#faf5f2&#8243; header_2_text_color=&#8221;#faf5f2&#8243; global_colors_info=&#8221;{}&#8221;]<\/p>\n<h2>Amenities and facilities:<\/h2>\n<ul>\n<li style=\"font-weight: 400;\" aria-level=\"1\"><span style=\"font-weight: 400;\">Free toiletries in the bathroom<\/span><\/li>\n<li style=\"font-weight: 400;\" aria-level=\"1\"><span style=\"font-weight: 400;\">Sauna towel, slippers<\/span><\/li>\n<li style=\"font-weight: 400;\" aria-level=\"1\"><span style=\"font-weight: 400;\">Shower<\/span><\/li>\n<li style=\"font-weight: 400;\" aria-level=\"1\"><span style=\"font-weight: 400;\">Bathrobe, towel<\/span><\/li>\n<li style=\"font-weight: 400;\" aria-level=\"1\"><span style=\"font-weight: 400;\">Hair dryer<\/span><\/li>\n<li style=\"font-weight: 400;\" aria-level=\"1\"><span style=\"font-weight: 400;\">Desk<\/span><\/li>\n<li style=\"font-weight: 400;\" aria-level=\"1\"><span style=\"font-weight: 400;\">Smart TV <\/span><\/li>\n<li style=\"font-weight: 400;\" aria-level=\"1\"><span style=\"font-weight: 400;\">Bed linen<\/span><\/li>\n<li style=\"font-weight: 400;\" aria-level=\"1\"><span style=\"font-weight: 400;\">Safe box<\/span><\/li>\n<li style=\"font-weight: 400;\" aria-level=\"1\"><span style=\"font-weight: 400;\">Own entrance<\/span><\/li>\n<li style=\"font-weight: 400;\" aria-level=\"1\">Double bed<\/li>\n<li style=\"font-weight: 400;\" aria-level=\"1\"><span style=\"font-weight: 400;\">Wardrobe<\/span><\/li>\n<li style=\"font-weight: 400;\" aria-level=\"1\"><span style=\"font-weight: 400;\">Porch, swing<\/span><\/li>\n<li style=\"font-weight: 400;\" aria-level=\"1\"><span style=\"font-weight: 400;\">Air conditioning<\/span><\/li>\n<li style=\"font-weight: 400;\" aria-level=\"1\"><span style=\"font-weight: 400;\">Kitchen corner<\/span><\/li>\n<li style=\"font-weight: 400;\" aria-level=\"1\"><span style=\"font-weight: 400;\">Refrigerator<\/span><\/li>\n<li style=\"font-weight: 400;\" aria-level=\"1\"><span style=\"font-weight: 400;\">Coffee maker<\/span><\/li>\n<li style=\"font-weight: 400;\" aria-level=\"1\"><span style=\"font-weight: 400;\">Microwave oven<\/span><\/li>\n<li style=\"font-weight: 400;\" aria-level=\"1\"><span style=\"font-weight: 400;\">Kitchen appliances<\/span><\/li>\n<li style=\"font-weight: 400;\" aria-level=\"1\"><span style=\"font-weight: 400;\">Kettle<\/span><\/li>\n<li style=\"font-weight: 400;\" aria-level=\"1\"><span style=\"font-weight: 400;\">Cooktop<\/span><\/li>\n<li style=\"font-weight: 400;\" aria-level=\"1\"><span style=\"font-weight: 400;\">Dining table<\/span><\/li>\n<li style=\"font-weight: 400;\" aria-level=\"1\"><span style=\"font-weight: 400;\">Free WIFI<\/span><\/li>\n<li style=\"font-weight: 400;\" aria-level=\"1\">Shadowing<\/li>\n<\/ul>\n<p>[\/et_pb_text][\/et_pb_column][\/et_pb_row][et_pb_row column_structure=&#8221;1_4,1_4,1_4,1_4&#8243; _builder_version=&#8221;4.24.2&#8243; _module_preset=&#8221;default&#8221; global_colors_info=&#8221;{}&#8221;][et_pb_column type=&#8221;1_4&#8243; _builder_version=&#8221;4.24.2&#8243; _module_preset=&#8221;default&#8221; global_colors_info=&#8221;{}&#8221;][et_pb_image src=&#8221;https:\/\/pipiterszigliget.hu\/wp-content\/uploads\/2024\/02\/PIPITER_Aranylile1.jpg&#8221; title_text=&#8221;PIPITER_Aranylile1&#8243; _builder_version=&#8221;4.24.2&#8243; _module_preset=&#8221;default&#8221; global_colors_info=&#8221;{}&#8221;][\/et_pb_image][\/et_pb_column][et_pb_column type=&#8221;1_4&#8243; _builder_version=&#8221;4.24.2&#8243; _module_preset=&#8221;default&#8221; global_colors_info=&#8221;{}&#8221;][et_pb_image src=&#8221;https:\/\/pipiterszigliget.hu\/wp-content\/uploads\/2024\/02\/PIPITER_Aranylile3.jpg&#8221; title_text=&#8221;PIPITER_Aranylile3&#8243; _builder_version=&#8221;4.24.2&#8243; _module_preset=&#8221;default&#8221; global_colors_info=&#8221;{}&#8221;][\/et_pb_image][\/et_pb_column][et_pb_column type=&#8221;1_4&#8243; _builder_version=&#8221;4.24.2&#8243; _module_preset=&#8221;default&#8221; global_colors_info=&#8221;{}&#8221;][et_pb_image src=&#8221;https:\/\/pipiterszigliget.hu\/wp-content\/uploads\/2024\/02\/PIPITER_Aranylile2.jpg&#8221; title_text=&#8221;PIPITER_Aranylile2&#8243; _builder_version=&#8221;4.24.2&#8243; _module_preset=&#8221;default&#8221; global_colors_info=&#8221;{}&#8221;][\/et_pb_image][\/et_pb_column][et_pb_column type=&#8221;1_4&#8243; _builder_version=&#8221;4.24.2&#8243; _module_preset=&#8221;default&#8221; global_colors_info=&#8221;{}&#8221;][et_pb_image src=&#8221;https:\/\/pipiterszigliget.hu\/wp-content\/uploads\/2024\/02\/PIPITER_Aranylile4.jpg&#8221; title_text=&#8221;PIPITER_Aranylile4&#8243; _builder_version=&#8221;4.24.2&#8243; _module_preset=&#8221;default&#8221; global_colors_info=&#8221;{}&#8221;][\/et_pb_image][\/et_pb_column][\/et_pb_row][et_pb_row _builder_version=&#8221;4.24.1&#8243; _module_preset=&#8221;default&#8221; global_colors_info=&#8221;{}&#8221;][et_pb_column type=&#8221;4_4&#8243; _builder_version=&#8221;4.24.1&#8243; _module_preset=&#8221;default&#8221; global_colors_info=&#8221;{}&#8221;][et_pb_heading title=&#8221;You are welcome!&#8221; _builder_version=&#8221;4.24.1&#8243; _module_preset=&#8221;default&#8221; title_level=&#8221;h2&#8243; title_text_align=&#8221;center&#8221; global_colors_info=&#8221;{}&#8221;][\/et_pb_heading][et_pb_button button_url=&#8221;https:\/\/pipiterszigliget.hu\/en\/booking\/&#8221; button_text=&#8221;Booking&#8221; button_alignment=&#8221;center&#8221; _builder_version=&#8221;4.24.2&#8243; _module_preset=&#8221;e5a0135e-f668-4930-8dd0-eb46e6eb42a8&#8243; global_colors_info=&#8221;{%22gcid-33ba488a-a977-4fcb-9562-ca062f22498f%22:%91%22button_bg_color%22,%22button_bg_color%22%93}&#8221;][\/et_pb_button][\/et_pb_column][\/et_pb_row][\/et_pb_section]<\/p>\n","protected":false},"excerpt":{"rendered":"<p>Apartment with bathtub, hayloftUpstairs apartment with double bed for up to 3 persons, with a walk-in wardrobe and a bathroom with bathtub, offering full comfort to our guests. A special feature is the balcony door, modelled on a former hayloft, which overlooks the inner courtyard of Pipit\u00e9r. #inspiringLocation: floor view to the internal courtyard Paintings: ef Z\u00e1mb\u00f3 Istv\u00e1n &#8211; Szerelem, \u00e9let, hal\u00e1l, 1993 (szitanyomat, 58*75 cm) feLugossy L\u00e1szl\u00f3 &#8211; Der\u0171s \u0151szi fej, 2014 (akril, karton, 70*100 cm) Stark Attila &#8211; Arany Lile, 2021 (olaj, v\u00e1szon, 30*30 cm) Amenities and facilities: Free toiletries in the bathroom Sauna towel, slippers Shower Bathrobe, towel Hair dryer Desk Smart TV Bed linen Safe box Own entrance Double bed Wardrobe Porch, swing Air conditioning Kitchen corner Refrigerator Coffee maker Microwave oven Kitchen appliances Kettle Cooktop Dining table Free WIFI Shadowing<\/p>\n","protected":false},"author":3,"featured_media":3074,"parent":2827,"menu_order":0,"comment_status":"closed","ping_status":"closed","template":"","meta":{"_et_pb_use_builder":"on","_et_pb_old_content":"","_et_gb_content_width":"","footnotes":""},"class_list":["post-2868","page","type-page","status-publish","has-post-thumbnail","hentry"],"yoast_head":"<!-- This site is optimized with the Yoast SEO Premium plugin v25.6 (Yoast SEO v26.0) - https:\/\/yoast.com\/wordpress\/plugins\/seo\/ -->\n<title>Aranylile - Pipit\u00e9r Szigliget<\/title>\n<meta name=\"description\" content=\"Apartment with bathtub, hayloft\" \/>\n<meta name=\"robots\" content=\"index, follow, max-snippet:-1, max-image-preview:large, max-video-preview:-1\" \/>\n<link rel=\"canonical\" href=\"https:\/\/pipiterszigliget.hu\/en\/accomodation\/aranylile-pipiter-szigliget\/\" \/>\n<meta property=\"og:locale\" content=\"en_US\" \/>\n<meta property=\"og:type\" content=\"article\" \/>\n<meta property=\"og:title\" content=\"Aranylile - Pipit\u00e9r Szigliget\" \/>\n<meta property=\"og:description\" content=\"Apartment with bathtub, hayloft\" \/>\n<meta property=\"og:url\" content=\"https:\/\/pipiterszigliget.hu\/en\/accomodation\/aranylile-pipiter-szigliget\/\" \/>\n<meta property=\"og:site_name\" content=\"Pipit\u00e9r Szigliget\" \/>\n<meta property=\"article:publisher\" content=\"https:\/\/www.facebook.com\/szigligetpipiter\" \/>\n<meta property=\"article:modified_time\" content=\"2025-02-26T20:00:52+00:00\" \/>\n<meta property=\"og:image\" content=\"https:\/\/pipiterszigliget.hu\/wp-content\/uploads\/2024\/07\/PIPITER_164.jpg\" \/>\n\t<meta property=\"og:image:width\" content=\"1024\" \/>\n\t<meta property=\"og:image:height\" content=\"684\" \/>\n\t<meta property=\"og:image:type\" content=\"image\/jpeg\" \/>\n<meta name=\"twitter:card\" content=\"summary_large_image\" \/>\n<meta name=\"twitter:label1\" content=\"Est. reading time\" \/>\n\t<meta name=\"twitter:data1\" content=\"5 minutes\" \/>\n<script type=\"application\/ld+json\" class=\"yoast-schema-graph\">{\"@context\":\"https:\/\/schema.org\",\"@graph\":[{\"@type\":\"WebPage\",\"@id\":\"https:\/\/pipiterszigliget.hu\/en\/accomodation\/aranylile-pipiter-szigliget\/\",\"url\":\"https:\/\/pipiterszigliget.hu\/en\/accomodation\/aranylile-pipiter-szigliget\/\",\"name\":\"Aranylile - Pipit\u00e9r Szigliget\",\"isPartOf\":{\"@id\":\"https:\/\/pipiterszigliget.hu\/en\/#website\"},\"primaryImageOfPage\":{\"@id\":\"https:\/\/pipiterszigliget.hu\/en\/accomodation\/aranylile-pipiter-szigliget\/#primaryimage\"},\"image\":{\"@id\":\"https:\/\/pipiterszigliget.hu\/en\/accomodation\/aranylile-pipiter-szigliget\/#primaryimage\"},\"thumbnailUrl\":\"https:\/\/pipiterszigliget.hu\/wp-content\/uploads\/2024\/07\/PIPITER_164.jpg\",\"datePublished\":\"2024-02-23T06:48:03+00:00\",\"dateModified\":\"2025-02-26T20:00:52+00:00\",\"description\":\"Apartment with bathtub, hayloft\",\"breadcrumb\":{\"@id\":\"https:\/\/pipiterszigliget.hu\/en\/accomodation\/aranylile-pipiter-szigliget\/#breadcrumb\"},\"inLanguage\":\"en-US\",\"potentialAction\":[{\"@type\":\"ReadAction\",\"target\":[\"https:\/\/pipiterszigliget.hu\/en\/accomodation\/aranylile-pipiter-szigliget\/\"]}]},{\"@type\":\"ImageObject\",\"inLanguage\":\"en-US\",\"@id\":\"https:\/\/pipiterszigliget.hu\/en\/accomodation\/aranylile-pipiter-szigliget\/#primaryimage\",\"url\":\"https:\/\/pipiterszigliget.hu\/wp-content\/uploads\/2024\/07\/PIPITER_164.jpg\",\"contentUrl\":\"https:\/\/pipiterszigliget.hu\/wp-content\/uploads\/2024\/07\/PIPITER_164.jpg\",\"width\":1024,\"height\":684},{\"@type\":\"BreadcrumbList\",\"@id\":\"https:\/\/pipiterszigliget.hu\/en\/accomodation\/aranylile-pipiter-szigliget\/#breadcrumb\",\"itemListElement\":[{\"@type\":\"ListItem\",\"position\":1,\"name\":\"Kezd\u0151lap\",\"item\":\"https:\/\/pipiterszigliget.hu\/en\/\"},{\"@type\":\"ListItem\",\"position\":2,\"name\":\"Accomodation\",\"item\":\"https:\/\/pipiterszigliget.hu\/en\/accomodation\/\"},{\"@type\":\"ListItem\",\"position\":3,\"name\":\"Aranylile &#8211; Pipit\u00e9r Szigliget\"}]},{\"@type\":\"WebSite\",\"@id\":\"https:\/\/pipiterszigliget.hu\/en\/#website\",\"url\":\"https:\/\/pipiterszigliget.hu\/en\/\",\"name\":\"Pipit\u00e9r Szigliget\",\"description\":\"K\u00e9nyelmes sz\u00e1ll\u00e1s Szigligeten, egy\u00e9ni vend\u00e9geknek vagy nagyobb t\u00e1rsas\u00e1goknak.\",\"potentialAction\":[{\"@type\":\"SearchAction\",\"target\":{\"@type\":\"EntryPoint\",\"urlTemplate\":\"https:\/\/pipiterszigliget.hu\/en\/?s={search_term_string}\"},\"query-input\":{\"@type\":\"PropertyValueSpecification\",\"valueRequired\":true,\"valueName\":\"search_term_string\"}}],\"inLanguage\":\"en-US\"}]}<\/script>\n<!-- \/ Yoast SEO Premium plugin. -->","yoast_head_json":{"title":"Aranylile - Pipit\u00e9r Szigliget","description":"Apartment with bathtub, hayloft","robots":{"index":"index","follow":"follow","max-snippet":"max-snippet:-1","max-image-preview":"max-image-preview:large","max-video-preview":"max-video-preview:-1"},"canonical":"https:\/\/pipiterszigliget.hu\/en\/accomodation\/aranylile-pipiter-szigliget\/","og_locale":"en_US","og_type":"article","og_title":"Aranylile - Pipit\u00e9r Szigliget","og_description":"Apartment with bathtub, hayloft","og_url":"https:\/\/pipiterszigliget.hu\/en\/accomodation\/aranylile-pipiter-szigliget\/","og_site_name":"Pipit\u00e9r Szigliget","article_publisher":"https:\/\/www.facebook.com\/szigligetpipiter","article_modified_time":"2025-02-26T20:00:52+00:00","og_image":[{"width":1024,"height":684,"url":"https:\/\/pipiterszigliget.hu\/wp-content\/uploads\/2024\/07\/PIPITER_164.jpg","type":"image\/jpeg"}],"twitter_card":"summary_large_image","twitter_misc":{"Est. reading time":"5 minutes"},"schema":{"@context":"https:\/\/schema.org","@graph":[{"@type":"WebPage","@id":"https:\/\/pipiterszigliget.hu\/en\/accomodation\/aranylile-pipiter-szigliget\/","url":"https:\/\/pipiterszigliget.hu\/en\/accomodation\/aranylile-pipiter-szigliget\/","name":"Aranylile - Pipit\u00e9r Szigliget","isPartOf":{"@id":"https:\/\/pipiterszigliget.hu\/en\/#website"},"primaryImageOfPage":{"@id":"https:\/\/pipiterszigliget.hu\/en\/accomodation\/aranylile-pipiter-szigliget\/#primaryimage"},"image":{"@id":"https:\/\/pipiterszigliget.hu\/en\/accomodation\/aranylile-pipiter-szigliget\/#primaryimage"},"thumbnailUrl":"https:\/\/pipiterszigliget.hu\/wp-content\/uploads\/2024\/07\/PIPITER_164.jpg","datePublished":"2024-02-23T06:48:03+00:00","dateModified":"2025-02-26T20:00:52+00:00","description":"Apartment with bathtub, hayloft","breadcrumb":{"@id":"https:\/\/pipiterszigliget.hu\/en\/accomodation\/aranylile-pipiter-szigliget\/#breadcrumb"},"inLanguage":"en-US","potentialAction":[{"@type":"ReadAction","target":["https:\/\/pipiterszigliget.hu\/en\/accomodation\/aranylile-pipiter-szigliget\/"]}]},{"@type":"ImageObject","inLanguage":"en-US","@id":"https:\/\/pipiterszigliget.hu\/en\/accomodation\/aranylile-pipiter-szigliget\/#primaryimage","url":"https:\/\/pipiterszigliget.hu\/wp-content\/uploads\/2024\/07\/PIPITER_164.jpg","contentUrl":"https:\/\/pipiterszigliget.hu\/wp-content\/uploads\/2024\/07\/PIPITER_164.jpg","width":1024,"height":684},{"@type":"BreadcrumbList","@id":"https:\/\/pipiterszigliget.hu\/en\/accomodation\/aranylile-pipiter-szigliget\/#breadcrumb","itemListElement":[{"@type":"ListItem","position":1,"name":"Kezd\u0151lap","item":"https:\/\/pipiterszigliget.hu\/en\/"},{"@type":"ListItem","position":2,"name":"Accomodation","item":"https:\/\/pipiterszigliget.hu\/en\/accomodation\/"},{"@type":"ListItem","position":3,"name":"Aranylile &#8211; Pipit\u00e9r Szigliget"}]},{"@type":"WebSite","@id":"https:\/\/pipiterszigliget.hu\/en\/#website","url":"https:\/\/pipiterszigliget.hu\/en\/","name":"Pipit\u00e9r Szigliget","description":"K\u00e9nyelmes sz\u00e1ll\u00e1s Szigligeten, egy\u00e9ni vend\u00e9geknek vagy nagyobb t\u00e1rsas\u00e1goknak.","potentialAction":[{"@type":"SearchAction","target":{"@type":"EntryPoint","urlTemplate":"https:\/\/pipiterszigliget.hu\/en\/?s={search_term_string}"},"query-input":{"@type":"PropertyValueSpecification","valueRequired":true,"valueName":"search_term_string"}}],"inLanguage":"en-US"}]}},"_links":{"self":[{"href":"https:\/\/pipiterszigliget.hu\/en\/wp-json\/wp\/v2\/pages\/2868","targetHints":{"allow":["GET"]}}],"collection":[{"href":"https:\/\/pipiterszigliget.hu\/en\/wp-json\/wp\/v2\/pages"}],"about":[{"href":"https:\/\/pipiterszigliget.hu\/en\/wp-json\/wp\/v2\/types\/page"}],"author":[{"embeddable":true,"href":"https:\/\/pipiterszigliget.hu\/en\/wp-json\/wp\/v2\/users\/3"}],"replies":[{"embeddable":true,"href":"https:\/\/pipiterszigliget.hu\/en\/wp-json\/wp\/v2\/comments?post=2868"}],"version-history":[{"count":3,"href":"https:\/\/pipiterszigliget.hu\/en\/wp-json\/wp\/v2\/pages\/2868\/revisions"}],"predecessor-version":[{"id":3696,"href":"https:\/\/pipiterszigliget.hu\/en\/wp-json\/wp\/v2\/pages\/2868\/revisions\/3696"}],"up":[{"embeddable":true,"href":"https:\/\/pipiterszigliget.hu\/en\/wp-json\/wp\/v2\/pages\/2827"}],"wp:featuredmedia":[{"embeddable":true,"href":"https:\/\/pipiterszigliget.hu\/en\/wp-json\/wp\/v2\/media\/3074"}],"wp:attachment":[{"href":"https:\/\/pipiterszigliget.hu\/en\/wp-json\/wp\/v2\/media?parent=2868"}],"curies":[{"name":"wp","href":"https:\/\/api.w.org\/{rel}","templated":true}]}}